{"id":167,"date":"2023-07-10T14:45:30","date_gmt":"2023-07-10T12:45:30","guid":{"rendered":"https:\/\/www.hotelmondial.de\/?page_id=167"},"modified":"2023-07-11T11:32:16","modified_gmt":"2023-07-11T09:32:16","slug":"bildergalerie","status":"publish","type":"page","link":"https:\/\/www.hotelmondial.de\/en\/picture-gallery\/","title":{"rendered":"Picture gallery"},"content":{"rendered":"","protected":false},"excerpt":{"rendered":"","protected":false},"author":1,"featured_media":0,"parent":0,"menu_order":0,"comment_status":"closed","ping_status":"closed","template":"","meta":{"footnotes":""},"class_list":["post-167","page","type-page","status-publish","hentry"],"yoast_head":"<!-- This site is optimized with the Yoast SEO plugin v24.4 - https:\/\/yoast.com\/wordpress\/plugins\/seo\/ -->\n<title>Bildergalerie - Hotel Mondial Langenfeld<\/title>\n<meta name=\"description\" content=\"Bildergalerie \u2013 Hotel Mondial Langenfeld: Zimmer, Konferenzr\u00e4ume, Fr\u00fchst\u00fccksbuffet, etc. \u2013 Bildersammlung unseres sch\u00f6nen Hotels.\" \/>\n<meta name=\"robots\" content=\"index, follow, max-snippet:-1, max-image-preview:large, max-video-preview:-1\" \/>\n<link rel=\"canonical\" href=\"https:\/\/www.hotelmondial.de\/en\/picture-gallery\/\" \/>\n<meta property=\"og:locale\" content=\"en_GB\" \/>\n<meta property=\"og:type\" content=\"article\" \/>\n<meta property=\"og:title\" content=\"Bildergalerie - Hotel Mondial Langenfeld\" \/>\n<meta property=\"og:description\" content=\"Bildergalerie \u2013 Hotel Mondial Langenfeld: Zimmer, Konferenzr\u00e4ume, Fr\u00fchst\u00fccksbuffet, etc. \u2013 Bildersammlung unseres sch\u00f6nen Hotels.\" \/>\n<meta property=\"og:url\" content=\"https:\/\/www.hotelmondial.de\/en\/picture-gallery\/\" \/>\n<meta property=\"og:site_name\" content=\"Hotel Mondial Langenfeld\" \/>\n<meta property=\"article:publisher\" content=\"https:\/\/m.facebook.com\/profile.php?id=162226767123270\" \/>\n<meta property=\"article:modified_time\" content=\"2023-07-11T09:32:16+00:00\" \/>\n<meta name=\"twitter:card\" content=\"summary_large_image\" \/>\n<script type=\"application\/ld+json\" class=\"yoast-schema-graph\">{\"@context\":\"https:\/\/schema.org\",\"@graph\":[{\"@type\":\"WebPage\",\"@id\":\"https:\/\/www.hotelmondial.de\/bildergalerie\/\",\"url\":\"https:\/\/www.hotelmondial.de\/bildergalerie\/\",\"name\":\"Bildergalerie - Hotel Mondial Langenfeld\",\"isPartOf\":{\"@id\":\"https:\/\/www.hotelmondial.de\/#website\"},\"datePublished\":\"2023-07-10T12:45:30+00:00\",\"dateModified\":\"2023-07-11T09:32:16+00:00\",\"description\":\"Bildergalerie \u2013 Hotel Mondial Langenfeld: Zimmer, Konferenzr\u00e4ume, Fr\u00fchst\u00fccksbuffet, etc. \u2013 Bildersammlung unseres sch\u00f6nen Hotels.\",\"breadcrumb\":{\"@id\":\"https:\/\/www.hotelmondial.de\/bildergalerie\/#breadcrumb\"},\"inLanguage\":\"en-GB\",\"potentialAction\":[{\"@type\":\"ReadAction\",\"target\":[\"https:\/\/www.hotelmondial.de\/bildergalerie\/\"]}]},{\"@type\":\"BreadcrumbList\",\"@id\":\"https:\/\/www.hotelmondial.de\/bildergalerie\/#breadcrumb\",\"itemListElement\":[{\"@type\":\"ListItem\",\"position\":1,\"name\":\"Startseite\",\"item\":\"https:\/\/www.hotelmondial.de\/\"},{\"@type\":\"ListItem\",\"position\":2,\"name\":\"Bildergalerie\"}]},{\"@type\":\"WebSite\",\"@id\":\"https:\/\/www.hotelmondial.de\/#website\",\"url\":\"https:\/\/www.hotelmondial.de\/\",\"name\":\"Hotel Mondial Langenfeld\",\"description\":\"Schlichte Zimmer in einem bodenst\u00e4ndigen Hotel mit kostenlosem WLAN.\",\"publisher\":{\"@id\":\"https:\/\/www.hotelmondial.de\/#organization\"},\"alternateName\":\"Expandable\",\"potentialAction\":[{\"@type\":\"SearchAction\",\"target\":{\"@type\":\"EntryPoint\",\"urlTemplate\":\"https:\/\/www.hotelmondial.de\/?s={search_term_string}\"},\"query-input\":{\"@type\":\"PropertyValueSpecification\",\"valueRequired\":true,\"valueName\":\"search_term_string\"}}],\"inLanguage\":\"en-GB\"},{\"@type\":\"Organization\",\"@id\":\"https:\/\/www.hotelmondial.de\/#organization\",\"name\":\"Hotel Mondial Langenfeld\",\"alternateName\":\"Expandable\",\"url\":\"https:\/\/www.hotelmondial.de\/\",\"logo\":{\"@type\":\"ImageObject\",\"inLanguage\":\"en-GB\",\"@id\":\"https:\/\/www.hotelmondial.de\/#\/schema\/logo\/image\/\",\"url\":\"https:\/\/www.hotelmondial.de\/wp-content\/uploads\/2023\/07\/cropped-MONDIAL-LOGO.webp\",\"contentUrl\":\"https:\/\/www.hotelmondial.de\/wp-content\/uploads\/2023\/07\/cropped-MONDIAL-LOGO.webp\",\"width\":512,\"height\":512,\"caption\":\"Hotel Mondial Langenfeld\"},\"image\":{\"@id\":\"https:\/\/www.hotelmondial.de\/#\/schema\/logo\/image\/\"},\"sameAs\":[\"https:\/\/m.facebook.com\/profile.php?id=162226767123270\"]}]}<\/script>\n<!-- \/ Yoast SEO plugin. -->","yoast_head_json":{"title":"Bildergalerie - Hotel Mondial Langenfeld","description":"Bildergalerie \u2013 Hotel Mondial Langenfeld: Zimmer, Konferenzr\u00e4ume, Fr\u00fchst\u00fccksbuffet, etc. \u2013 Bildersammlung unseres sch\u00f6nen Hotels.","robots":{"index":"index","follow":"follow","max-snippet":"max-snippet:-1","max-image-preview":"max-image-preview:large","max-video-preview":"max-video-preview:-1"},"canonical":"https:\/\/www.hotelmondial.de\/en\/picture-gallery\/","og_locale":"en_GB","og_type":"article","og_title":"Bildergalerie - Hotel Mondial Langenfeld","og_description":"Bildergalerie \u2013 Hotel Mondial Langenfeld: Zimmer, Konferenzr\u00e4ume, Fr\u00fchst\u00fccksbuffet, etc. \u2013 Bildersammlung unseres sch\u00f6nen Hotels.","og_url":"https:\/\/www.hotelmondial.de\/en\/picture-gallery\/","og_site_name":"Hotel Mondial Langenfeld","article_publisher":"https:\/\/m.facebook.com\/profile.php?id=162226767123270","article_modified_time":"2023-07-11T09:32:16+00:00","twitter_card":"summary_large_image","schema":{"@context":"https:\/\/schema.org","@graph":[{"@type":"WebPage","@id":"https:\/\/www.hotelmondial.de\/bildergalerie\/","url":"https:\/\/www.hotelmondial.de\/bildergalerie\/","name":"Bildergalerie - Hotel Mondial Langenfeld","isPartOf":{"@id":"https:\/\/www.hotelmondial.de\/#website"},"datePublished":"2023-07-10T12:45:30+00:00","dateModified":"2023-07-11T09:32:16+00:00","description":"Bildergalerie \u2013 Hotel Mondial Langenfeld: Zimmer, Konferenzr\u00e4ume, Fr\u00fchst\u00fccksbuffet, etc. \u2013 Bildersammlung unseres sch\u00f6nen Hotels.","breadcrumb":{"@id":"https:\/\/www.hotelmondial.de\/bildergalerie\/#breadcrumb"},"inLanguage":"en-GB","potentialAction":[{"@type":"ReadAction","target":["https:\/\/www.hotelmondial.de\/bildergalerie\/"]}]},{"@type":"BreadcrumbList","@id":"https:\/\/www.hotelmondial.de\/bildergalerie\/#breadcrumb","itemListElement":[{"@type":"ListItem","position":1,"name":"Startseite","item":"https:\/\/www.hotelmondial.de\/"},{"@type":"ListItem","position":2,"name":"Bildergalerie"}]},{"@type":"WebSite","@id":"https:\/\/www.hotelmondial.de\/#website","url":"https:\/\/www.hotelmondial.de\/","name":"Hotel Mondial Langenfeld","description":"Schlichte Zimmer in einem bodenst\u00e4ndigen Hotel mit kostenlosem WLAN.","publisher":{"@id":"https:\/\/www.hotelmondial.de\/#organization"},"alternateName":"Expandable","potentialAction":[{"@type":"SearchAction","target":{"@type":"EntryPoint","urlTemplate":"https:\/\/www.hotelmondial.de\/?s={search_term_string}"},"query-input":{"@type":"PropertyValueSpecification","valueRequired":true,"valueName":"search_term_string"}}],"inLanguage":"en-GB"},{"@type":"Organization","@id":"https:\/\/www.hotelmondial.de\/#organization","name":"Hotel Mondial Langenfeld","alternateName":"Expandable","url":"https:\/\/www.hotelmondial.de\/","logo":{"@type":"ImageObject","inLanguage":"en-GB","@id":"https:\/\/www.hotelmondial.de\/#\/schema\/logo\/image\/","url":"https:\/\/www.hotelmondial.de\/wp-content\/uploads\/2023\/07\/cropped-MONDIAL-LOGO.webp","contentUrl":"https:\/\/www.hotelmondial.de\/wp-content\/uploads\/2023\/07\/cropped-MONDIAL-LOGO.webp","width":512,"height":512,"caption":"Hotel Mondial Langenfeld"},"image":{"@id":"https:\/\/www.hotelmondial.de\/#\/schema\/logo\/image\/"},"sameAs":["https:\/\/m.facebook.com\/profile.php?id=162226767123270"]}]}},"_links":{"self":[{"href":"https:\/\/www.hotelmondial.de\/en\/wp-json\/wp\/v2\/pages\/167","targetHints":{"allow":["GET"]}}],"collection":[{"href":"https:\/\/www.hotelmondial.de\/en\/wp-json\/wp\/v2\/pages"}],"about":[{"href":"https:\/\/www.hotelmondial.de\/en\/wp-json\/wp\/v2\/types\/page"}],"author":[{"embeddable":true,"href":"https:\/\/www.hotelmondial.de\/en\/wp-json\/wp\/v2\/users\/1"}],"replies":[{"embeddable":true,"href":"https:\/\/www.hotelmondial.de\/en\/wp-json\/wp\/v2\/comments?post=167"}],"version-history":[{"count":0,"href":"https:\/\/www.hotelmondial.de\/en\/wp-json\/wp\/v2\/pages\/167\/revisions"}],"wp:attachment":[{"href":"https:\/\/www.hotelmondial.de\/en\/wp-json\/wp\/v2\/media?parent=167"}],"curies":[{"name":"wp","href":"https:\/\/api.w.org\/{rel}","templated":true}]}}